{"id":571,"date":"2025-01-10T10:44:32","date_gmt":"2025-01-10T10:44:32","guid":{"rendered":"https:\/\/restaurantlacabanadengeli.es\/targeta-regal\/"},"modified":"2025-03-03T13:38:22","modified_gmt":"2025-03-03T13:38:22","slug":"tarjeta-regalo","status":"publish","type":"page","link":"https:\/\/restaurantlacabanadengeli.es\/es\/tarjeta-regalo\/","title":{"rendered":"Tarjeta Regalo"},"content":{"rendered":"<p><div class=\"fusion-fullwidth fullwidth-box fusion-builder-row-1 fusion-flex-container has-pattern-background has-mask-background fusion-parallax-none hundred-percent-fullwidth non-hundred-percent-height-scrolling\" style=\"--awb-border-radius-top-left:0px;--awb-border-radius-top-right:0px;--awb-border-radius-bottom-right:0px;--awb-border-radius-bottom-left:0px;--awb-padding-top:20%;--awb-padding-bottom:3%;--awb-padding-top-small:40%;--awb-padding-bottom-small:10%;--awb-background-image:linear-gradient(180deg, rgba(0,0,0,0.4) 0%,rgba(0,0,0,0.4) 100%),url(https:\/\/restaurantlacabanadengeli.es\/wp-content\/uploads\/2025\/03\/banner-targeta-regal-scaled.jpg);;--awb-background-size:cover;--awb-flex-wrap:wrap;\" ><div class=\"fusion-builder-row fusion-row fusion-flex-align-items-flex-start fusion-flex-content-wrap\" style=\"width:104% !important;max-width:104% !important;margin-left: calc(-4% \/ 2 );margin-right: calc(-4% \/ 2 );\"><div class=\"fusion-layout-column fusion_builder_column fusion-builder-column-0 fusion_builder_column_1_1 1_1 fusion-flex-column\" style=\"--awb-bg-size:cover;--awb-width-large:100%;--awb-margin-top-large:0px;--awb-spacing-right-large:1.92%;--awb-margin-bottom-large:0px;--awb-spacing-left-large:1.92%;--awb-width-medium:100%;--awb-order-medium:0;--awb-spacing-right-medium:1.92%;--awb-spacing-left-medium:1.92%;--awb-width-small:100%;--awb-order-small:0;--awb-spacing-right-small:1.92%;--awb-spacing-left-small:1.92%;\"><div class=\"fusion-column-wrapper fusion-column-has-shadow fusion-flex-justify-content-flex-start fusion-content-layout-column\"><div class=\"fusion-title title fusion-title-1 fusion-sep-none fusion-title-text fusion-title-size-one\" style=\"--awb-text-color:#ffffff;\"><h1 class=\"fusion-title-heading title-heading-left fusion-responsive-typography-calculated\" style=\"margin:0;--fontSize:50;line-height:var(--awb-typography1-line-height);\">Tarjeta Regalo<\/h1><\/div><\/div><\/div><\/div><\/div><div class=\"fusion-fullwidth fullwidth-box fusion-builder-row-2 fusion-flex-container has-pattern-background has-mask-background hundred-percent-fullwidth non-hundred-percent-height-scrolling\" style=\"--awb-border-radius-top-left:0px;--awb-border-radius-top-right:0px;--awb-border-radius-bottom-right:0px;--awb-border-radius-bottom-left:0px;--awb-padding-top:3%;--awb-padding-right:5%;--awb-padding-bottom:3%;--awb-padding-top-small:10%;--awb-padding-right-small:10%;--awb-padding-bottom-small:10%;--awb-padding-left-small:10%;--awb-flex-wrap:wrap;\" ><div class=\"fusion-builder-row fusion-row fusion-flex-align-items-stretch fusion-flex-content-wrap\" style=\"width:104% !important;max-width:104% !important;margin-left: calc(-4% \/ 2 );margin-right: calc(-4% \/ 2 );\"><div class=\"fusion-layout-column fusion_builder_column fusion-builder-column-1 fusion_builder_column_1_2 1_2 fusion-flex-column\" style=\"--awb-bg-size:cover;--awb-width-large:50%;--awb-margin-top-large:0px;--awb-spacing-right-large:3.84%;--awb-margin-bottom-large:20px;--awb-spacing-left-large:3.84%;--awb-width-medium:50%;--awb-order-medium:0;--awb-spacing-right-medium:3.84%;--awb-spacing-left-medium:3.84%;--awb-width-small:100%;--awb-order-small:0;--awb-spacing-right-small:1.92%;--awb-spacing-left-small:1.92%;\"><div class=\"fusion-column-wrapper fusion-column-has-shadow fusion-flex-justify-content-flex-start fusion-content-layout-column\"><div class=\"fusion-title title fusion-title-2 fusion-sep-none fusion-title-text fusion-title-size-two\"><h2 class=\"fusion-title-heading title-heading-left fusion-responsive-typography-calculated\" style=\"margin:0;--fontSize:40;line-height:var(--awb-typography1-line-height);\">Haz un regalo de lo m\u00e1s delicioso y regala la Cabana d\u2019en Geli<\/h2><\/div><div class=\"fusion-text fusion-text-1\"><p>\u00bfTe gustar\u00eda poder regalar una experiencia gastron\u00f3mica deliciosa? Pues ahora con las tarjetas regalo de la Cabana d\u2019en Geli \u00a1puedes hacerlo! Contacta con nosotros y te explicaremos las distintas opciones que ofrecemos: un men\u00fa de fin de semana, un men\u00fa degustaci\u00f3n de noche, un verm\u00fa &#8216;La Cabana Deluxe&#8217;, o bien, expl\u00edcanos qu\u00e9 te gustar\u00eda regalar y te personalizaremos una experiencia a medida\u2026 Valoraremos tu propuesta con mucho cari\u00f1o y cuidado y te prepararemos la tarjeta regalo para que puedas hacerla llegar a quien t\u00fa quieras. La persona que reciba la tarjeta podr\u00e1 contactar con nosotros para hacer la reserva y disfrutar de su delicioso regalo.<\/p>\n<p>Regalar una comida en la Cabana es una experiencia multisensorial, es mucho m\u00e1s que una simple comida o cena. Es una oportunidad maravillosa para disfrutar de los distintos rinconcitos y espacios que hay, de los detalles con los que cuidamos de ellos. Es un momento para dejarse seducir por los platos que preparamos en nuestra cocina y para acompa\u00f1arlos siguiendo las indicaciones de la sommelier de nuestra casa para disfrutar de ellos al m\u00e1ximo.<\/p>\n<\/div><div ><a class=\"fusion-button button-flat button-medium button-default fusion-button-default button-1 fusion-button-default-span fusion-button-default-type\" target=\"_self\" href=\"https:\/\/restaurantlacabanadengeli.es\/es\/contacto\/\"><span class=\"fusion-button-text awb-button__text awb-button__text--default\">\u00a1Regala la Cabana d\u2019en Geli!<\/span><\/a><\/div><\/div><\/div><div class=\"fusion-layout-column fusion_builder_column fusion-builder-column-2 fusion_builder_column_1_4 1_4 fusion-flex-column fusion-flex-align-self-stretch\" style=\"--awb-bg-image:url(&#039;https:\/\/restaurantlacabanadengeli.es\/wp-content\/uploads\/2025\/02\/targeta-regal-1.jpeg&#039;);--awb-bg-size:cover;--awb-width-large:25%;--awb-margin-top-large:0px;--awb-spacing-right-large:7.68%;--awb-margin-bottom-large:20px;--awb-spacing-left-large:7.68%;--awb-width-medium:25%;--awb-order-medium:0;--awb-spacing-right-medium:7.68%;--awb-spacing-left-medium:7.68%;--awb-width-small:100%;--awb-order-small:0;--awb-spacing-right-small:1.92%;--awb-spacing-left-small:1.92%;\" data-scroll-devices=\"small-visibility,medium-visibility,large-visibility\"><div class=\"fusion-column-wrapper fusion-column-has-shadow fusion-flex-justify-content-flex-start fusion-content-layout-column fusion-empty-column-bg-image fusion-column-has-bg-image\" data-bg-url=\"https:\/\/restaurantlacabanadengeli.es\/wp-content\/uploads\/2025\/02\/targeta-regal-1.jpeg\"><img decoding=\"async\" class=\"fusion-empty-dims-img-placeholder fusion-no-large-visibility fusion-no-medium-visibility\" aria-label=\"targeta regal-1\" src=\"data:image\/svg+xml,%3Csvg%20xmlns%3D%27http%3A%2F%2Fwww.w3.org%2F2000%2Fsvg%27%20width%3D%271536%27%20height%3D%272048%27%20viewBox%3D%270%200%201536%202048%27%3E%3Crect%20width%3D%271536%27%20height%3D%272048%27%20fill-opacity%3D%220%22%2F%3E%3C%2Fsvg%3E\" alt=\"\" title=\"\"><\/div><\/div><div class=\"fusion-layout-column fusion_builder_column fusion-builder-column-3 fusion_builder_column_1_4 1_4 fusion-flex-column fusion-flex-align-self-stretch\" style=\"--awb-bg-image:url(&#039;https:\/\/restaurantlacabanadengeli.es\/wp-content\/uploads\/2025\/02\/xec-regal-foto-menjar-scaled.jpg&#039;);--awb-bg-size:cover;--awb-width-large:25%;--awb-margin-top-large:0px;--awb-spacing-right-large:7.68%;--awb-margin-bottom-large:20px;--awb-spacing-left-large:7.68%;--awb-width-medium:25%;--awb-order-medium:0;--awb-spacing-right-medium:7.68%;--awb-spacing-left-medium:7.68%;--awb-width-small:100%;--awb-order-small:0;--awb-spacing-right-small:1.92%;--awb-spacing-left-small:1.92%;\" data-scroll-devices=\"small-visibility,medium-visibility,large-visibility\"><div class=\"fusion-column-wrapper fusion-column-has-shadow fusion-flex-justify-content-flex-start fusion-content-layout-column fusion-empty-column-bg-image fusion-column-has-bg-image\" data-bg-url=\"https:\/\/restaurantlacabanadengeli.es\/wp-content\/uploads\/2025\/02\/xec-regal-foto-menjar-scaled.jpg\"><img decoding=\"async\" class=\"fusion-empty-dims-img-placeholder fusion-no-large-visibility fusion-no-medium-visibility\" aria-label=\"xec-regal-foto-menjar\" src=\"data:image\/svg+xml,%3Csvg%20xmlns%3D%27http%3A%2F%2Fwww.w3.org%2F2000%2Fsvg%27%20width%3D%271707%27%20height%3D%272560%27%20viewBox%3D%270%200%201707%202560%27%3E%3Crect%20width%3D%271707%27%20height%3D%272560%27%20fill-opacity%3D%220%22%2F%3E%3C%2Fsvg%3E\" alt=\"\" title=\"\"><\/div><\/div><\/div><\/div><div class=\"fusion-fullwidth fullwidth-box fusion-builder-row-3 fusion-flex-container has-pattern-background has-mask-background nonhundred-percent-fullwidth non-hundred-percent-height-scrolling\" style=\"--awb-border-radius-top-left:0px;--awb-border-radius-top-right:0px;--awb-border-radius-bottom-right:0px;--awb-border-radius-bottom-left:0px;--awb-padding-top:2%;--awb-padding-bottom:2%;--awb-background-color:#515056;--awb-flex-wrap:wrap;\" ><div class=\"fusion-builder-row fusion-row fusion-flex-align-items-flex-start fusion-flex-content-wrap\" style=\"max-width:1248px;margin-left: calc(-4% \/ 2 );margin-right: calc(-4% \/ 2 );\"><div class=\"fusion-layout-column fusion_builder_column fusion-builder-column-4 fusion_builder_column_1_1 1_1 fusion-flex-column\" style=\"--awb-bg-size:cover;--awb-width-large:100%;--awb-margin-top-large:0px;--awb-spacing-right-large:1.92%;--awb-margin-bottom-large:0px;--awb-spacing-left-large:1.92%;--awb-width-medium:100%;--awb-order-medium:0;--awb-spacing-right-medium:1.92%;--awb-spacing-left-medium:1.92%;--awb-width-small:100%;--awb-order-small:0;--awb-spacing-right-small:1.92%;--awb-spacing-left-small:1.92%;\"><div class=\"fusion-column-wrapper fusion-column-has-shadow fusion-flex-justify-content-center fusion-content-layout-row\"><div class=\"fusion-builder-row fusion-builder-row-inner fusion-row fusion-flex-align-items-flex-start fusion-flex-content-wrap\" style=\"width:104% !important;max-width:104% !important;margin-left: calc(-4% \/ 2 );margin-right: calc(-4% \/ 2 );\"><div class=\"fusion-layout-column fusion_builder_column_inner fusion-builder-nested-column-0 fusion_builder_column_inner_1_5 1_5 fusion-flex-column\" style=\"--awb-bg-size:cover;--awb-width-large:20%;--awb-margin-top-large:0px;--awb-spacing-right-large:9.6%;--awb-margin-bottom-large:0px;--awb-spacing-left-large:9.6%;--awb-width-medium:20%;--awb-order-medium:0;--awb-spacing-right-medium:9.6%;--awb-spacing-left-medium:9.6%;--awb-width-small:100%;--awb-order-small:0;--awb-spacing-right-small:1.92%;--awb-spacing-left-small:1.92%;\"><div class=\"fusion-column-wrapper fusion-column-has-shadow fusion-flex-justify-content-flex-start fusion-content-layout-column\"><div class=\"fusion-text fusion-text-2\" style=\"--awb-text-color:#ffffff;\"><p style=\"text-align: center;\"><strong>HORARIO<\/strong><\/p>\n<\/div><\/div><\/div><div class=\"fusion-layout-column fusion_builder_column_inner fusion-builder-nested-column-1 fusion_builder_column_inner_1_5 1_5 fusion-flex-column\" style=\"--awb-bg-size:cover;--awb-width-large:20%;--awb-margin-top-large:0px;--awb-spacing-right-large:9.6%;--awb-margin-bottom-large:0px;--awb-spacing-left-large:9.6%;--awb-width-medium:20%;--awb-order-medium:0;--awb-spacing-right-medium:9.6%;--awb-spacing-left-medium:9.6%;--awb-width-small:100%;--awb-order-small:0;--awb-spacing-right-small:1.92%;--awb-spacing-left-small:1.92%;\"><div class=\"fusion-column-wrapper fusion-column-has-shadow fusion-flex-justify-content-flex-start fusion-content-layout-column\"><div class=\"fusion-text fusion-text-3\" style=\"--awb-text-color:#ffffff;\"><p style=\"text-align: center;\">Lunes &#8211; CERRADO<\/p>\n<\/div><\/div><\/div><div class=\"fusion-layout-column fusion_builder_column_inner fusion-builder-nested-column-2 fusion_builder_column_inner_1_4 1_4 fusion-flex-column\" style=\"--awb-bg-size:cover;--awb-width-large:25%;--awb-margin-top-large:0px;--awb-spacing-right-large:7.68%;--awb-margin-bottom-large:0px;--awb-spacing-left-large:7.68%;--awb-width-medium:25%;--awb-order-medium:0;--awb-spacing-right-medium:7.68%;--awb-spacing-left-medium:7.68%;--awb-width-small:100%;--awb-order-small:0;--awb-spacing-right-small:1.92%;--awb-spacing-left-small:1.92%;\"><div class=\"fusion-column-wrapper fusion-column-has-shadow fusion-flex-justify-content-flex-start fusion-content-layout-column\"><div class=\"fusion-text fusion-text-4\" style=\"--awb-text-color:#ffffff;\"><p style=\"text-align: center;\">Martes a domingo &#8211; 13 h a 16 h<\/p>\n<\/div><\/div><\/div><div class=\"fusion-layout-column fusion_builder_column_inner fusion-builder-nested-column-3 fusion_builder_column_inner_1_3 1_3 fusion-flex-column\" style=\"--awb-bg-size:cover;--awb-width-large:33.333333333333%;--awb-margin-top-large:0px;--awb-spacing-right-large:5.76%;--awb-margin-bottom-large:0px;--awb-spacing-left-large:5.76%;--awb-width-medium:33.333333333333%;--awb-order-medium:0;--awb-spacing-right-medium:5.76%;--awb-spacing-left-medium:5.76%;--awb-width-small:100%;--awb-order-small:0;--awb-spacing-right-small:1.92%;--awb-spacing-left-small:1.92%;\"><div class=\"fusion-column-wrapper fusion-column-has-shadow fusion-flex-justify-content-flex-start fusion-content-layout-column\"><div class=\"fusion-text fusion-text-5\" style=\"--awb-text-color:#ffffff;\"><p style=\"text-align: center;\">Viernes y sabado &#8211; 13 h a 16 h i 20:30 h a 00 h<\/p>\n<\/div><\/div><\/div><\/div><\/div><\/div><\/div><\/div><\/p>\n","protected":false},"excerpt":{"rendered":"","protected":false},"author":2,"featured_media":0,"parent":0,"menu_order":0,"comment_status":"closed","ping_status":"closed","template":"100-width.php","meta":{"footnotes":""},"class_list":["post-571","page","type-page","status-publish","hentry"],"_links":{"self":[{"href":"https:\/\/restaurantlacabanadengeli.es\/es\/wp-json\/wp\/v2\/pages\/571","targetHints":{"allow":["GET"]}}],"collection":[{"href":"https:\/\/restaurantlacabanadengeli.es\/es\/wp-json\/wp\/v2\/pages"}],"about":[{"href":"https:\/\/restaurantlacabanadengeli.es\/es\/wp-json\/wp\/v2\/types\/page"}],"author":[{"embeddable":true,"href":"https:\/\/restaurantlacabanadengeli.es\/es\/wp-json\/wp\/v2\/users\/2"}],"replies":[{"embeddable":true,"href":"https:\/\/restaurantlacabanadengeli.es\/es\/wp-json\/wp\/v2\/comments?post=571"}],"version-history":[{"count":6,"href":"https:\/\/restaurantlacabanadengeli.es\/es\/wp-json\/wp\/v2\/pages\/571\/revisions"}],"predecessor-version":[{"id":766,"href":"https:\/\/restaurantlacabanadengeli.es\/es\/wp-json\/wp\/v2\/pages\/571\/revisions\/766"}],"wp:attachment":[{"href":"https:\/\/restaurantlacabanadengeli.es\/es\/wp-json\/wp\/v2\/media?parent=571"}],"curies":[{"name":"wp","href":"https:\/\/api.w.org\/{rel}","templated":true}]}}